{"id":336,"date":"2026-02-09T09:46:21","date_gmt":"2026-02-09T07:46:21","guid":{"rendered":"https:\/\/demopaiva.metropolia.fi\/?page_id=336"},"modified":"2026-03-24T12:28:17","modified_gmt":"2026-03-24T10:28:17","slug":"demopaivan-ohjelma-2026","status":"publish","type":"page","link":"https:\/\/demopaiva.metropolia.fi\/index.php\/demopaivan-ohjelma-2026\/","title":{"rendered":"Demop\u00e4iv\u00e4n ohjelma 2026"},"content":{"rendered":"\n<p><strong>Ohjelma julkistetaan huhtikuussa!<\/strong><\/p>\n\n\n\n<p>Demop\u00e4iv\u00e4 to 7.5.2025 klo 12\u201318<br><a href=\"https:\/\/maps.app.goo.gl\/52SXqY7B5crtnGYm8\" data-type=\"link\" data-id=\"https:\/\/maps.app.goo.gl\/52SXqY7B5crtnGYm8\" target=\"_blank\" rel=\"noreferrer noopener\">Metropolian Arabian kampus<\/a><\/p>\n\n\n\n<div style=\"height:11px\" aria-hidden=\"true\" class=\"wp-block-spacer\"><\/div>\n\n\n\n<h3 class=\"wp-block-heading\">P\u00e4\u00e4lavan esitykset<\/h3>\n\n\n\n<p>Esitystekniikan paja (P07), P-kerros<\/p>\n\n\n\n<p>KLO 12:00\u201315:00 Ohjelma julkaistaan huhtikuussa<\/p>\n\n\n\n<div style=\"height:11px\" aria-hidden=\"true\" class=\"wp-block-spacer\"><\/div>\n\n\n\n<h3 class=\"wp-block-heading\">Lyhytelokuvia<\/h3>\n\n\n\n<p>Kino Projektio (K01a), K-kerros<\/p>\n\n\n\n<figure class=\"wp-block-table\"><table style=\"border-style:none;border-width:0px\"><tbody><tr><td>15:00<\/td><td><strong>I N\u00c4YT\u00d6S<\/strong>: Lyhytelokuvia MEO &amp; 3D<\/td><\/tr><tr><td>16:30<\/td><td><strong>II N\u00c4YT\u00d6S<\/strong>: Lyhytelokuvia MEO &amp; 3D<\/td><\/tr><tr><td><\/td><td>N\u00e4yt\u00f6sten kesto noin 70 min.<\/td><\/tr><\/tbody><\/table><\/figure>\n\n\n\n<div style=\"height:11px\" aria-hidden=\"true\" class=\"wp-block-spacer\"><\/div>\n\n\n\n<h3 class=\"wp-block-heading\">XR-pelidemot<\/h3>\n\n\n\n<p>Mocap Studio (K00), K-kerros<\/p>\n\n\n\n<p>KLO 12:00\u2013&gt; Pelidemot ilmoitetaan huhtikuussa<\/p>\n\n\n\n<div style=\"height:11px\" aria-hidden=\"true\" class=\"wp-block-spacer\"><\/div>\n\n\n\n<h3 class=\"wp-block-heading\">N\u00e4yttelyt<\/h3>\n\n\n\n<p>N\u00e4yttelyaula, Galleriak\u00e4yt\u00e4v\u00e4 ja Ikkunagalleria, 1. kerros<\/p>\n\n\n\n<p>Vapaata seurustelua klo 18 asti<\/p>\n\n\n\n<p><\/p>\n","protected":false},"excerpt":{"rendered":"<p>Ohjelma julkistetaan huhtikuussa! Demop\u00e4iv\u00e4 to 7.5.2025 klo 12\u201318Metropolian Arabian kampus P\u00e4\u00e4lavan esitykset Esitystekniikan paja (P07), P-kerros KLO 12:00\u201315:00 Ohjelma julkaistaan huhtikuussa Lyhytelokuvia Kino Projektio (K01a), K-kerros 15:00 I N\u00c4YT\u00d6S: Lyhytelokuvia MEO &amp; 3D 16:30 II N\u00c4YT\u00d6S: Lyhytelokuvia MEO &amp; 3D N\u00e4yt\u00f6sten kesto noin 70 min. XR-pelidemot Mocap Studio (K00), K-kerros KLO 12:00\u2013&gt; Pelidemot ilmoitetaan huhtikuussa [&hellip;]<\/p>\n","protected":false},"author":1,"featured_media":0,"parent":0,"menu_order":0,"comment_status":"closed","ping_status":"closed","template":"","meta":{"footnotes":""},"class_list":["post-336","page","type-page","status-publish","hentry"],"_links":{"self":[{"href":"https:\/\/demopaiva.metropolia.fi\/index.php\/wp-json\/wp\/v2\/pages\/336","targetHints":{"allow":["GET"]}}],"collection":[{"href":"https:\/\/demopaiva.metropolia.fi\/index.php\/wp-json\/wp\/v2\/pages"}],"about":[{"href":"https:\/\/demopaiva.metropolia.fi\/index.php\/wp-json\/wp\/v2\/types\/page"}],"author":[{"embeddable":true,"href":"https:\/\/demopaiva.metropolia.fi\/index.php\/wp-json\/wp\/v2\/users\/1"}],"replies":[{"embeddable":true,"href":"https:\/\/demopaiva.metropolia.fi\/index.php\/wp-json\/wp\/v2\/comments?post=336"}],"version-history":[{"count":4,"href":"https:\/\/demopaiva.metropolia.fi\/index.php\/wp-json\/wp\/v2\/pages\/336\/revisions"}],"predecessor-version":[{"id":356,"href":"https:\/\/demopaiva.metropolia.fi\/index.php\/wp-json\/wp\/v2\/pages\/336\/revisions\/356"}],"wp:attachment":[{"href":"https:\/\/demopaiva.metropolia.fi\/index.php\/wp-json\/wp\/v2\/media?parent=336"}],"curies":[{"name":"wp","href":"https:\/\/api.w.org\/{rel}","templated":true}]}}